{"id":3,"date":"2021-12-10T09:53:16","date_gmt":"2021-12-10T08:53:16","guid":{"rendered":"http:\/\/lisbethc-art.com\/?page_id=3"},"modified":"2022-01-16T12:24:41","modified_gmt":"2022-01-16T11:24:41","slug":"politique-de-confidentialite","status":"publish","type":"page","link":"https:\/\/lisbethc-art.com\/index.php\/politique-de-confidentialite\/","title":{"rendered":"Politique de confidentialit\u00e9 &#8211; Mentions l\u00e9gales"},"content":{"rendered":"<p>Le site <a href=\"https:\/\/www.lisbethc-art.com\">https:\/\/www.lisbethc-art.com<\/a> , ci-apr\u00e8s d\u00e9nomm\u00e9 site web est la propri\u00e9t\u00e9 de :<br><br><strong>Isabelle WOILLEZ<\/strong><br>34 rue Drouot<br>75009 Paris<br><br>H\u00e9bergeur OVH<\/p><h3 class=\"wp-block-heading\">Conditions d&#8217;utilisation<\/h3><p>L\u2019utilisation de ce site est r\u00e9serv\u00e9e \u00e0 usage strictement professionnel. Toute reproduction ou repr\u00e9sentation, en tout ou partiellement, \u00e0 d\u2019autres fins sur un quelconque support est interdite. Le non respect de cette interdiction constitue une contre fa\u00e7on pouvant engager la responsabilit\u00e9 civile et p\u00e9nale du contrefacteur.<\/p><h3 class=\"wp-block-heading\">Autres dispositions<\/h3><p><p>Les informations contenues dans le Site Web sont fournies pour la seule information g\u00e9n\u00e9rale des visiteurs, elles ne sauraient remplacer ou se substituer \u00e0 des conseils ou consultations de nature professionnelle.<\/p>\n<p>Bien que l\u2019\u00e9diteur prenne le plus grand soin pour s\u2019assurer de la qualit\u00e9 et de la fiabilit\u00e9 des informations contenues sur le Site Web, ces derni\u00e8res sont fournies \u00e0 titre indicatif sans aucune garantie, explicite ou implicite, de validit\u00e9, d\u2019exhaustivit\u00e9 ou d\u2019actualit\u00e9. En cons\u00e9quence de quoi, le visiteur reconna\u00eet utiliser ces informations sous sa seule et unique responsabilit\u00e9.<\/p><\/p><h3 class=\"wp-block-heading\">Propri\u00e9t\u00e9 intellectuelle et contrefa\u00e7ons<\/h3>\r\n<h3><\/h3>\r\n<p>Isabelle Woillez est propri\u00e9taire des droits de propri\u00e9t\u00e9 intellectuelle et d\u00e9tient les droits d\u2019usage sur tous les \u00e9l\u00e9ments accessibles sur le site, notamment les textes, images, graphismes, logo, ic\u00f4nes.<\/p>\r\n<p>Toute reproduction, repr\u00e9sentation, modification, publication, adaptation de tout ou partie des \u00e9l\u00e9ments du site, quel que soit le moyen ou le proc\u00e9d\u00e9 utilis\u00e9, est interdite, sauf autorisation \u00e9crite pr\u00e9alable de : Mme Isabelle Woillez<\/p>\r\n<p>Toute exploitation non autoris\u00e9e du site ou de l\u2019un quelconque des \u00e9l\u00e9ments qu\u2019il contient sera consid\u00e9r\u00e9e comme constitutive d\u2019une contrefa\u00e7on et poursuivie conform\u00e9ment aux dispositions des articles L.335-2 et suivants du Code de Propri\u00e9t\u00e9 Intellectuelle.<\/p><h3 class=\"wp-block-heading\">Cookies<\/h3><p><p>Des cookies sont susceptible d\u2019\u00eatre stock\u00e9s sur le terminal de l\u2019utilisateur afin d\u2019\u00e9tablir des statistiques sur la fr\u00e9quentation du site. Ils sont utilis\u00e9s pour identifier les pages consult\u00e9es ainsi que les comportements et parcours de navigation. Ces informations sont utiles pour am\u00e9liorer les contenus qui apparaissent sur le site.<\/p>\n<p>La plupart des navigateurs Internet acceptent automatiquement les cookies.<\/p>\n<p>L\u2019utilisateur peut d\u00e9sactiver les cookies afin de s\u2019opposer \u00e0 leur enregistrement sur son terminal ou les supprimer en utilisant les options de son navigateur.<\/p>\n<p>Afin d\u2019exercer ces choix, les pages suivantes peuvent notamment \u00eatre consult\u00e9es :<\/p>\n<p>Pour Google Chrome :<br>1 \u2013 Allez dans le menu \u00ab Outils \u00bb<br>2 \u2013 Cliquez sur \u00ab Param\u00e8tres \u00bb et \u00ab Afficher les param\u00e8tres avanc\u00e9s \u00bb<br>3 \u2013 Cliquez sur \u00ab Param\u00e8tres de contenu\u2026 \u00bb dans la partie confidentialit\u00e9<br>4 \u2013 Cliquez sur \u00ab Cookies et donn\u00e9es de site\u2026 \u00bb dans la nouvelle fen\u00eatre<br>5 \u2013 Cliquez sur \u00ab Tout supprimer \u00bb et validez en cliquant sur \u00ab OK \u00bb<br>Plus d\u2019informations sur :&nbsp;<a href=\"https:\/\/support.google.com\/chrome\/answer\/95647?hl=fr&amp;hlrm=fr\">https:\/\/support.google.com\/chrome\/answer\/95647?hl=fr&amp;hlrm=fr<\/a><\/p>\n<p>Pour Microsoft Internet Explorer :<br>1 \u2013 Allez dans le menu \u00ab&nbsp;outil&nbsp;\u00bb puis \u00ab&nbsp;options Internet&nbsp;\u00bb<br>2 \u2013 Cliquez sur l\u2019ic\u00f4ne \u00ab&nbsp;Confidentialit\u00e9&nbsp;\u00bb<br>3 \u2013 S\u00e9lectionnez le niveau souhait\u00e9 \u00e0 l\u2019aide de votre souris<br>Plus d\u2019informations sur :&nbsp;<a href=\"http:\/\/windows.microsoft.com\/fr-FR\/windows-vista\/Block-or-allow-cookies\">http:\/\/windows.microsoft.com\/fr-FR\/windows-vista\/Block-or-allow-cookies<\/a><\/p>\n<p>Pour Mozilla Firefox :<br>1 \u2013 Choisissez le menu \u00ab&nbsp;outil&nbsp;\u00bb puis \u00ab&nbsp;options&nbsp;\u00bb<br>2 \u2013 Cliquez sur l\u2019ic\u00f4ne \u00ab&nbsp;vie priv\u00e9e&nbsp;\u00bb<br>3 \u2013 Trouvez le menu \u00ab&nbsp;cookie&nbsp;\u00bb et s\u00e9lectionnez les options qui vous conviennent<br>Plus d\u2019informations sur :&nbsp;<a href=\"http:\/\/support.mozilla.org\/fr\/kb\/activer-desactiver-cookies\">http:\/\/support.mozilla.org\/fr\/kb\/activer-desactiver-cookies<\/a><\/p>\n<p>Pour Safari :<br>1 \u2013 Allez dans le menu Safari \/ Pr\u00e9f\u00e9rences<br>2 \u2013 Cliquez sur \u00ab confidentialit\u00e9 \u00bb<br>3 \u2013 Dans \u00ab Bloquer les cookies \u00bb, cochez \u00ab Toujours \u00bb<br>Plus d\u2019informations sur :&nbsp;<a href=\"http:\/\/www.apple.com\/legal\/privacy\/fr-ww\/cookies\/\">http:\/\/www.apple.com\/legal\/privacy\/fr-ww\/cookies\/<\/a><br>L\u2019Utilisateur peut \u00e9galement param\u00e9trer son navigateur afin que celui-ci envoie un code \u00ab Do not Track \u00bb.<\/p>\n<p>Pour plus d\u2019informations sur les cookies et les modalit\u00e9s possibles de blocage, vous pouvez \u00e9galement vous reporter au site&nbsp;<a href=\"http:\/\/www.youronlinechoices.com\/fr\/\">http:\/\/www.youronlinechoices.com\/fr\/<\/a>&nbsp;ou au site de la CNIL&nbsp;<a href=\"http:\/\/www.cnil.fr\/vos-droits\/vos-traces\/les-cookies\/conseils-aux-internautes\/chrome\">http:\/\/www.cnil.fr\/vos-droits\/vos-traces\/les-cookies\/conseils-aux-internautes\/chrome<\/a>.<\/p><\/p><h3 class=\"wp-block-heading\">Google Analytics<\/h3><p><p>Ce site utilise Google Analytics, un service d\u2019analyse de site Internet fourni par Google Inc. (\u00ab Google \u00bb). Google Analytics utilise des cookies, qui sont des fichiers texte plac\u00e9s sur votre ordinateur, pour aider le site internet \u00e0 analyser l\u2019utilisation du site par ses utilisateurs. Les donn\u00e9es g\u00e9n\u00e9r\u00e9es par les cookies concernant votre utilisation du site (y compris votre adresse IP) seront transmises et stock\u00e9es par Google sur des serveurs situ\u00e9s aux Etats-Unis.<\/p>\n<p>Google utilisera cette information dans le but d\u2019\u00e9valuer votre utilisation du site, de compiler des rapports sur l\u2019activit\u00e9 du site \u00e0 destination de son \u00e9diteur et de fournir d\u2019autres services relatifs \u00e0 l\u2019activit\u00e9 du site et \u00e0 l\u2019utilisation d\u2019Internet. Google est susceptible de communiquer ces donn\u00e9es \u00e0 des tiers en cas d\u2019obligation l\u00e9gale ou lorsque ces tiers traitent ces donn\u00e9es pour le compte de Google, y compris notamment l\u2019\u00e9diteur de ce site. Google ne recoupera pas votre adresse IP avec toute autre donn\u00e9e d\u00e9tenue par Google. Vous pouvez d\u00e9sactiver l\u2019utilisation de cookies en s\u00e9lectionnant les param\u00e8tres appropri\u00e9s de votre navigateur. Cependant, une telle d\u00e9sactivation pourrait emp\u00eacher l\u2019utilisation de certaines fonctionnalit\u00e9s de ce site.<\/p>\n<p>En utilisant ce site Internet, vous consentez express\u00e9ment au traitement de vos donn\u00e9es nominatives par Google dans les conditions et pour les finalit\u00e9s d\u00e9crites ci-dessus.<\/p><\/p><h3 class=\"wp-block-heading\">Gestion des donn\u00e9es personnelles<\/h3>\r\n<h3><\/h3>\r\n<p>En France, les donn\u00e9es personnelles sont notamment prot\u00e9g\u00e9es par la loi n\u00b0 78-87 du 6 janvier 1978, la loi n\u00b0 2004-801 du 6 ao\u00fbt 2004, l\u2019article L. 226-13 du Code p\u00e9nal et la Directive Europ\u00e9enne du 24 octobre 1995.<\/p>\r\n<p>A l\u2019occasion de l\u2019utilisation du site <a href=\"https:\/\/www.lisbethc-art.com\">https:\/\/www.lisbethc-art.com<\/a>, peuvent \u00eatres recueillies : l\u2019URL des liens par l\u2019interm\u00e9diaire desquels l\u2019utilisateur a acc\u00e9d\u00e9 au site <a href=\"https:\/\/www.lisbethc-art.com\">https:\/\/www.lisbethc-art.com<\/a>, le fournisseur d\u2019acc\u00e8s de l\u2019utilisateur, l\u2019adresse de protocole Internet (IP) de l\u2019utilisateur.<\/p>\r\n<p>En tout \u00e9tat de cause Isabelle Woillez ne collecte des informations personnelles relatives \u00e0 l\u2019utilisateur que pour le besoin de certains services propos\u00e9s par le site <a href=\"https:\/\/www.lisbethc-art.com\">https:\/\/www.lisbethc-art.com<\/a>. L\u2019utilisateur fournit ces informations en toute connaissance de cause, notamment lorsqu\u2019il proc\u00e8de par lui-m\u00eame \u00e0 leur saisie. Il est alors pr\u00e9cis\u00e9 \u00e0 l\u2019utilisateur du site <a href=\"https:\/\/www.lisbethc-art.com\">https:\/\/www.lisbethc-art.com<\/a>\u00a0 l\u2019obligation ou non de fournir ces informations.<\/p>\r\n<p>Le site n\u2019est pas d\u00e9clar\u00e9 \u00e0 la CNIL.<\/p><h3 class=\"wp-block-heading\">Conditions de vente<\/h3>\r\n<h3><\/h3>\r\n<ul>\r\n<li>Modalit\u00e9s de paiement : Comptant, net et sans escompte<\/li>\r\n<li>L\u2019acqu\u00e9reur accepte que son droit de r\u00e9tractation ne peut \u00eatre exerc\u00e9 et reconnait que le service concern\u00e9 par la transaction et totalement ex\u00e9cut\u00e9.<\/li>\r\n<li>Les prix de vente sont exprim\u00e9s en euros TTC.<\/li>\r\n<li>Frais de livraison en suppl\u00e9ment aux conditions de transport et d\u2019assurance assur\u00e9s par Colissimo ou Chronopost.<\/li>\r\n<\/ul>\r\n<h3>Disponibilit\u00e9<\/h3>\r\n<h3><\/h3>\r\n<p>Le fonctionnement du site peut \u00eatre affect\u00e9 par des \u00e9v\u00e9nements que nous ne contr\u00f4lons pas, tels que par exemple, des pannes r\u00e9seau ou de transmission entre votre poste informatique, le r\u00e9seau internet, votre fournisseur d\u2019acc\u00e8s, notre h\u00e9bergeur.<br \/>Nous, nos fournisseurs de services ou h\u00e9bergeur, nous r\u00e9servons \u00e9galement le droit, \u00e0 tout moment, d\u2019interrompre temporairement, tout ou partie du site pour effectuer des op\u00e9rations de maintenance, des am\u00e9liorations ou des modifications sur le site ou le serveur qui l\u2019h\u00e9berge sans \u00eatre tenus pour responsables de ces suspensions ou interruptions.<\/p>","protected":false},"excerpt":{"rendered":"<p>Le site https:\/\/www.lisbethc-art.com , ci-apr\u00e8s d\u00e9nomm\u00e9 site web est la propri\u00e9t\u00e9 de : Isabelle WOILLEZ34 rue Drouot75009 Paris H\u00e9bergeur OVH Conditions d&#8217;utilisation L\u2019utilisation de ce&#8230;<\/p>\n","protected":false},"author":1,"featured_media":0,"parent":0,"menu_order":0,"comment_status":"closed","ping_status":"open","template":"","meta":{"_monsterinsights_skip_tracking":false,"_monsterinsights_sitenote_active":false,"_monsterinsights_sitenote_note":"","_monsterinsights_sitenote_category":0,"footnotes":""},"class_list":["post-3","page","type-page","status-publish","hentry"],"yoast_head":"<!-- This site is optimized with the Yoast SEO plugin v26.8 - https:\/\/yoast.com\/product\/yoast-seo-wordpress\/ -->\n<title>Politique de confidentialit\u00e9 - Mentions l\u00e9gales - Lisbeth C.<\/title>\n<meta name=\"robots\" content=\"index, follow, max-snippet:-1, max-image-preview:large, max-video-preview:-1\" \/>\n<link rel=\"canonical\" href=\"https:\/\/lisbethc-art.com\/index.php\/politique-de-confidentialite\/\" \/>\n<meta property=\"og:locale\" content=\"en_US\" \/>\n<meta property=\"og:type\" content=\"article\" \/>\n<meta property=\"og:title\" content=\"Politique de confidentialit\u00e9 - Mentions l\u00e9gales - Lisbeth C.\" \/>\n<meta property=\"og:description\" content=\"Le site https:\/\/www.lisbethc-art.com , ci-apr\u00e8s d\u00e9nomm\u00e9 site web est la propri\u00e9t\u00e9 de : Isabelle WOILLEZ34 rue Drouot75009 Paris H\u00e9bergeur OVH Conditions d&#8217;utilisation L\u2019utilisation de ce...\" \/>\n<meta property=\"og:url\" content=\"https:\/\/lisbethc-art.com\/index.php\/politique-de-confidentialite\/\" \/>\n<meta property=\"og:site_name\" content=\"Lisbeth C.\" \/>\n<meta property=\"article:modified_time\" content=\"2022-01-16T11:24:41+00:00\" \/>\n<meta name=\"twitter:card\" content=\"summary_large_image\" \/>\n<meta name=\"twitter:label1\" content=\"Est. reading time\" \/>\n\t<meta name=\"twitter:data1\" content=\"6 minutes\" \/>\n<script type=\"application\/ld+json\" class=\"yoast-schema-graph\">{\"@context\":\"https:\/\/schema.org\",\"@graph\":[{\"@type\":\"WebPage\",\"@id\":\"https:\/\/lisbethc-art.com\/index.php\/politique-de-confidentialite\/\",\"url\":\"https:\/\/lisbethc-art.com\/index.php\/politique-de-confidentialite\/\",\"name\":\"Politique de confidentialit\u00e9 - Mentions l\u00e9gales - Lisbeth C.\",\"isPartOf\":{\"@id\":\"http:\/\/lisbethc-art.com\/#website\"},\"datePublished\":\"2021-12-10T08:53:16+00:00\",\"dateModified\":\"2022-01-16T11:24:41+00:00\",\"breadcrumb\":{\"@id\":\"https:\/\/lisbethc-art.com\/index.php\/politique-de-confidentialite\/#breadcrumb\"},\"inLanguage\":\"en-US\",\"potentialAction\":[{\"@type\":\"ReadAction\",\"target\":[\"https:\/\/lisbethc-art.com\/index.php\/politique-de-confidentialite\/\"]}]},{\"@type\":\"BreadcrumbList\",\"@id\":\"https:\/\/lisbethc-art.com\/index.php\/politique-de-confidentialite\/#breadcrumb\",\"itemListElement\":[{\"@type\":\"ListItem\",\"position\":1,\"name\":\"Accueil\",\"item\":\"http:\/\/lisbethc-art.com\/\"},{\"@type\":\"ListItem\",\"position\":2,\"name\":\"Politique de confidentialit\u00e9 &#8211; Mentions l\u00e9gales\"}]},{\"@type\":\"WebSite\",\"@id\":\"http:\/\/lisbethc-art.com\/#website\",\"url\":\"http:\/\/lisbethc-art.com\/\",\"name\":\"Lisbeth C.\",\"description\":\"Artist Painter\",\"potentialAction\":[{\"@type\":\"SearchAction\",\"target\":{\"@type\":\"EntryPoint\",\"urlTemplate\":\"http:\/\/lisbethc-art.com\/?s={search_term_string}\"},\"query-input\":{\"@type\":\"PropertyValueSpecification\",\"valueRequired\":true,\"valueName\":\"search_term_string\"}}],\"inLanguage\":\"en-US\"}]}<\/script>\n<!-- \/ Yoast SEO plugin. -->","yoast_head_json":{"title":"Politique de confidentialit\u00e9 - Mentions l\u00e9gales - Lisbeth C.","robots":{"index":"index","follow":"follow","max-snippet":"max-snippet:-1","max-image-preview":"max-image-preview:large","max-video-preview":"max-video-preview:-1"},"canonical":"https:\/\/lisbethc-art.com\/index.php\/politique-de-confidentialite\/","og_locale":"en_US","og_type":"article","og_title":"Politique de confidentialit\u00e9 - Mentions l\u00e9gales - Lisbeth C.","og_description":"Le site https:\/\/www.lisbethc-art.com , ci-apr\u00e8s d\u00e9nomm\u00e9 site web est la propri\u00e9t\u00e9 de : Isabelle WOILLEZ34 rue Drouot75009 Paris H\u00e9bergeur OVH Conditions d&#8217;utilisation L\u2019utilisation de ce...","og_url":"https:\/\/lisbethc-art.com\/index.php\/politique-de-confidentialite\/","og_site_name":"Lisbeth C.","article_modified_time":"2022-01-16T11:24:41+00:00","twitter_card":"summary_large_image","twitter_misc":{"Est. reading time":"6 minutes"},"schema":{"@context":"https:\/\/schema.org","@graph":[{"@type":"WebPage","@id":"https:\/\/lisbethc-art.com\/index.php\/politique-de-confidentialite\/","url":"https:\/\/lisbethc-art.com\/index.php\/politique-de-confidentialite\/","name":"Politique de confidentialit\u00e9 - Mentions l\u00e9gales - Lisbeth C.","isPartOf":{"@id":"http:\/\/lisbethc-art.com\/#website"},"datePublished":"2021-12-10T08:53:16+00:00","dateModified":"2022-01-16T11:24:41+00:00","breadcrumb":{"@id":"https:\/\/lisbethc-art.com\/index.php\/politique-de-confidentialite\/#breadcrumb"},"inLanguage":"en-US","potentialAction":[{"@type":"ReadAction","target":["https:\/\/lisbethc-art.com\/index.php\/politique-de-confidentialite\/"]}]},{"@type":"BreadcrumbList","@id":"https:\/\/lisbethc-art.com\/index.php\/politique-de-confidentialite\/#breadcrumb","itemListElement":[{"@type":"ListItem","position":1,"name":"Accueil","item":"http:\/\/lisbethc-art.com\/"},{"@type":"ListItem","position":2,"name":"Politique de confidentialit\u00e9 &#8211; Mentions l\u00e9gales"}]},{"@type":"WebSite","@id":"http:\/\/lisbethc-art.com\/#website","url":"http:\/\/lisbethc-art.com\/","name":"Lisbeth C.","description":"Artist Painter","potentialAction":[{"@type":"SearchAction","target":{"@type":"EntryPoint","urlTemplate":"http:\/\/lisbethc-art.com\/?s={search_term_string}"},"query-input":{"@type":"PropertyValueSpecification","valueRequired":true,"valueName":"search_term_string"}}],"inLanguage":"en-US"}]}},"_links":{"self":[{"href":"https:\/\/lisbethc-art.com\/index.php\/wp-json\/wp\/v2\/pages\/3","targetHints":{"allow":["GET"]}}],"collection":[{"href":"https:\/\/lisbethc-art.com\/index.php\/wp-json\/wp\/v2\/pages"}],"about":[{"href":"https:\/\/lisbethc-art.com\/index.php\/wp-json\/wp\/v2\/types\/page"}],"author":[{"embeddable":true,"href":"https:\/\/lisbethc-art.com\/index.php\/wp-json\/wp\/v2\/users\/1"}],"replies":[{"embeddable":true,"href":"https:\/\/lisbethc-art.com\/index.php\/wp-json\/wp\/v2\/comments?post=3"}],"version-history":[{"count":4,"href":"https:\/\/lisbethc-art.com\/index.php\/wp-json\/wp\/v2\/pages\/3\/revisions"}],"predecessor-version":[{"id":7541,"href":"https:\/\/lisbethc-art.com\/index.php\/wp-json\/wp\/v2\/pages\/3\/revisions\/7541"}],"wp:attachment":[{"href":"https:\/\/lisbethc-art.com\/index.php\/wp-json\/wp\/v2\/media?parent=3"}],"curies":[{"name":"wp","href":"https:\/\/api.w.org\/{rel}","templated":true}]}}